{"id":942,"date":"2024-05-08T14:28:33","date_gmt":"2024-05-08T18:28:33","guid":{"rendered":"https:\/\/jverne.swlauriersb.vortexdev.com\/gb\/"},"modified":"2024-05-30T13:26:59","modified_gmt":"2024-05-30T17:26:59","slug":"conseil-detablissement","status":"publish","type":"page","link":"https:\/\/jverne.swlauriersb.vortexdev.com\/fr\/informations-pour-les-parents\/conseil-detablissement\/","title":{"rendered":"Conseil d\u2019\u00e9tablissement"},"content":{"rendered":"\n<h2 class=\"wp-block-heading\">MEMBRES DU CONSEIL D\u2019\u00c9TABLISSEMENT 2023-2024<\/h2>\n\n\n\n<h3 class=\"wp-block-heading\">Directrice<\/h3>\n\n\n\n<ul>\n<li>Melissa Rioux<\/li>\n<\/ul>\n\n\n\n<h3 class=\"wp-block-heading\">Enseignantes<\/h3>\n\n\n\n<ul>\n<li>Roxanne Boulianne<\/li>\n\n\n\n<li>Eva Cerulli<\/li>\n\n\n\n<li>Lilianne Rivera<\/li>\n\n\n\n<li>C\u00e9line S\u00e9vigny<\/li>\n<\/ul>\n\n\n\n<h3 class=\"wp-block-heading\">Personnel de soutien<\/h3>\n\n\n\n<ul>\n<li>Marie-Claire Verdone<\/li>\n<\/ul>\n\n\n\n<h3 class=\"wp-block-heading\">Personnel de service de garde<\/h3>\n\n\n\n<ul>\n<li>Lisa Murray<\/li>\n<\/ul>\n\n\n\n<h3 class=\"wp-block-heading\">Repr\u00e9sentants des parents<\/h3>\n\n\n\n<ul>\n<li>Denise Karelis (pr\u00e9sidente du conseil d\u2019administration)<\/li>\n\n\n\n<li>Anna Bocchino (d\u00e9l\u00e9gu\u00e9e du comit\u00e9 de parents)<\/li>\n\n\n\n<li>Genevi\u00e8ve Grainger (pr\u00e9sidente suppl\u00e9ante)<\/li>\n\n\n\n<li>Philippe Leone (d\u00e9l\u00e9gu\u00e9 suppl\u00e9ant du comit\u00e9 de parents)<\/li>\n\n\n\n<li>Elmo Reda<\/li>\n\n\n\n<li>Steve Samanez (secr\u00e9taire)<\/li>\n<\/ul>\n\n\n\n<h3 class=\"wp-block-heading\">Substituts des parents<\/h3>\n\n\n\n<ul>\n<li>Paloma Nadeau<\/li>\n\n\n\n<li>Lia Maggiorino<\/li>\n<\/ul>\n\n\n\n<p>Veuillez communiquer avec la direction de l\u2019\u00e9cole si vous avez des questions ou des pr\u00e9occupations que vous aimeriez soumettre \u00e0 notre conseil d\u2019\u00e9tablissement.<\/p>\n","protected":false},"excerpt":{"rendered":"<p>MEMBRES DU CONSEIL D\u2019\u00c9TABLISSEMENT 2023-2024 Directrice Enseignantes Personnel de soutien Personnel de service de garde Repr\u00e9sentants des parents Substituts des parents Veuillez communiquer avec la direction de l\u2019\u00e9cole si vous avez des questions ou des pr\u00e9occupations que vous aimeriez soumettre \u00e0 notre conseil d\u2019\u00e9tablissement.<\/p>\n","protected":false},"author":1,"featured_media":0,"parent":948,"menu_order":0,"comment_status":"closed","ping_status":"closed","template":"","meta":{"_acf_changed":false,"_relevanssi_hide_post":"","_relevanssi_hide_content":"","_relevanssi_pin_for_all":"","_relevanssi_pin_keywords":"","_relevanssi_unpin_keywords":"","_relevanssi_related_keywords":"","_relevanssi_related_include_ids":"","_relevanssi_related_exclude_ids":"","_relevanssi_related_no_append":"","_relevanssi_related_not_related":"","_relevanssi_related_posts":"","_relevanssi_noindex_reason":"","footnotes":""},"acf":[],"_links":{"self":[{"href":"https:\/\/jverne.swlauriersb.vortexdev.com\/fr\/wp-json\/wp\/v2\/pages\/942"}],"collection":[{"href":"https:\/\/jverne.swlauriersb.vortexdev.com\/fr\/wp-json\/wp\/v2\/pages"}],"about":[{"href":"https:\/\/jverne.swlauriersb.vortexdev.com\/fr\/wp-json\/wp\/v2\/types\/page"}],"author":[{"embeddable":true,"href":"https:\/\/jverne.swlauriersb.vortexdev.com\/fr\/wp-json\/wp\/v2\/users\/1"}],"replies":[{"embeddable":true,"href":"https:\/\/jverne.swlauriersb.vortexdev.com\/fr\/wp-json\/wp\/v2\/comments?post=942"}],"version-history":[{"count":2,"href":"https:\/\/jverne.swlauriersb.vortexdev.com\/fr\/wp-json\/wp\/v2\/pages\/942\/revisions"}],"predecessor-version":[{"id":1057,"href":"https:\/\/jverne.swlauriersb.vortexdev.com\/fr\/wp-json\/wp\/v2\/pages\/942\/revisions\/1057"}],"up":[{"embeddable":true,"href":"https:\/\/jverne.swlauriersb.vortexdev.com\/fr\/wp-json\/wp\/v2\/pages\/948"}],"wp:attachment":[{"href":"https:\/\/jverne.swlauriersb.vortexdev.com\/fr\/wp-json\/wp\/v2\/media?parent=942"}],"curies":[{"name":"wp","href":"https:\/\/api.w.org\/{rel}","templated":true}]}}