{"id":945,"date":"2024-05-08T14:27:26","date_gmt":"2024-05-08T18:27:26","guid":{"rendered":"https:\/\/jverne.swlauriersb.vortexdev.com\/ppo-home-school\/"},"modified":"2024-05-30T13:27:20","modified_gmt":"2024-05-30T17:27:20","slug":"home-school","status":"publish","type":"page","link":"https:\/\/jverne.swlauriersb.vortexdev.com\/fr\/informations-pour-les-parents\/home-school\/","title":{"rendered":"Home &#038; School"},"content":{"rendered":"\n<h2 class=\"wp-block-heading\">2023-2024 Comit\u00e9 Home &amp; School<\/h2>\n\n\n\n<ul>\n<li>Pr\u00e9sidente: Lucy Pereira<\/li>\n\n\n\n<li>Vice-pr\u00e9sidente\u00a0: Karine Lasant\u00e9<\/li>\n\n\n\n<li>Secr\u00e9taire&nbsp;: Anna Bocchino<\/li>\n\n\n\n<li>Tr\u00e9sori\u00e8re: Lina D&#8217;Onofrio<\/li>\n\n\n\n<li>Coordonnatrice des b\u00e9n\u00e9voles&nbsp;: Tanya Minchella<\/li>\n<\/ul>\n\n\n\n<p>Courriel \u00e0 Home &amp; School\u00a0: <a href=\"mailto:jvhspresident@gmail.com\">jvhspresident@gmail.com<\/a><\/p>\n\n\n\n<p>Courriel de b\u00e9n\u00e9volat\u00a0: <a href=\"mailto:t_minchella@hotmail.com\">t_minchella@hotmail.com<\/a><\/p>\n\n\n\n<p>Tout transfert \u00e9lectronique doit \u00eatre effectu\u00e9 par l\u2019interm\u00e9diaire de\u00a0: <a href=\"mailto:jvhsfinance@gmail.com\">jvhsfinance@gmail.com<\/a><\/p>\n\n\n\n<div class=\"wp-block-buttons is-layout-flex wp-block-buttons-is-layout-flex\">\n<div class=\"wp-block-button is-style-text-link-pdf\"><a class=\"wp-block-button__link wp-element-button\" href=\"https:\/\/jverne.swlauriersb.vortexdev.com\/wp-content\/uploads\/sites\/35\/2024\/05\/JULES_VERNE_HOME_SCHOOL_individual-membership-application-2023-2024_ENG.pdf\" target=\"_blank\" rel=\"noreferrer noopener\">individual-membership-application-2023-2024_ENG<i class=\"icon-pdf\"><\/i><\/a><\/div>\n<\/div>\n","protected":false},"excerpt":{"rendered":"<p>2023-2024 Comit\u00e9 Home &amp; School Courriel \u00e0 Home &amp; School\u00a0: jvhspresident@gmail.com Courriel de b\u00e9n\u00e9volat\u00a0: t_minchella@hotmail.com Tout transfert \u00e9lectronique doit \u00eatre effectu\u00e9 par l\u2019interm\u00e9diaire de\u00a0: jvhsfinance@gmail.com<\/p>\n","protected":false},"author":1,"featured_media":0,"parent":948,"menu_order":0,"comment_status":"closed","ping_status":"closed","template":"","meta":{"_acf_changed":false,"_relevanssi_hide_post":"","_relevanssi_hide_content":"","_relevanssi_pin_for_all":"","_relevanssi_pin_keywords":"","_relevanssi_unpin_keywords":"","_relevanssi_related_keywords":"","_relevanssi_related_include_ids":"","_relevanssi_related_exclude_ids":"","_relevanssi_related_no_append":"","_relevanssi_related_not_related":"","_relevanssi_related_posts":"","_relevanssi_noindex_reason":"","footnotes":""},"acf":[],"_links":{"self":[{"href":"https:\/\/jverne.swlauriersb.vortexdev.com\/fr\/wp-json\/wp\/v2\/pages\/945"}],"collection":[{"href":"https:\/\/jverne.swlauriersb.vortexdev.com\/fr\/wp-json\/wp\/v2\/pages"}],"about":[{"href":"https:\/\/jverne.swlauriersb.vortexdev.com\/fr\/wp-json\/wp\/v2\/types\/page"}],"author":[{"embeddable":true,"href":"https:\/\/jverne.swlauriersb.vortexdev.com\/fr\/wp-json\/wp\/v2\/users\/1"}],"replies":[{"embeddable":true,"href":"https:\/\/jverne.swlauriersb.vortexdev.com\/fr\/wp-json\/wp\/v2\/comments?post=945"}],"version-history":[{"count":1,"href":"https:\/\/jverne.swlauriersb.vortexdev.com\/fr\/wp-json\/wp\/v2\/pages\/945\/revisions"}],"predecessor-version":[{"id":1061,"href":"https:\/\/jverne.swlauriersb.vortexdev.com\/fr\/wp-json\/wp\/v2\/pages\/945\/revisions\/1061"}],"up":[{"embeddable":true,"href":"https:\/\/jverne.swlauriersb.vortexdev.com\/fr\/wp-json\/wp\/v2\/pages\/948"}],"wp:attachment":[{"href":"https:\/\/jverne.swlauriersb.vortexdev.com\/fr\/wp-json\/wp\/v2\/media?parent=945"}],"curies":[{"name":"wp","href":"https:\/\/api.w.org\/{rel}","templated":true}]}}