{"id":946,"date":"2024-05-08T14:27:05","date_gmt":"2024-05-08T18:27:05","guid":{"rendered":"https:\/\/jverne.swlauriersb.vortexdev.com\/parent-resources\/"},"modified":"2024-05-30T13:27:25","modified_gmt":"2024-05-30T17:27:25","slug":"ressources-pour-les-parents","status":"publish","type":"page","link":"https:\/\/jverne.swlauriersb.vortexdev.com\/fr\/informations-pour-les-parents\/ressources-pour-les-parents\/","title":{"rendered":"Ressources pour les parents"},"content":{"rendered":"\n<p><a href=\"https:\/\/www.education.gouv.qc.ca\/eleves-et-parents\" target=\"_blank\" rel=\"noreferrer noopener\">Qu\u00e9bec \u00c9ducation<\/a><\/p>\n\n\n\n<p><a href=\"https:\/\/learnquebec.ca\/\" target=\"_blank\" rel=\"noreferrer noopener\">Apprendre<\/a><\/p>\n\n\n\n<p><a href=\"https:\/\/mediasmarts.ca\/parents\" target=\"_blank\" rel=\"noreferrer noopener\">BeWebAware<\/a><\/p>\n\n\n\n<p><a href=\"https:\/\/www.collegeconsensus.com\/resources\/media-literacy-guide\/\" target=\"_blank\" rel=\"noreferrer noopener\">Guide Litteracy Guide pour les parents et les \u00e9ducateurs<\/a><\/p>\n\n\n\n<p><a href=\"https:\/\/www.technokids.com\/\" target=\"_blank\" rel=\"noreferrer noopener\">TechnoKids<\/a><\/p>\n\n\n\n<p><a href=\"https:\/\/www.familyeducation.com\/?home\" target=\"_blank\" rel=\"noreferrer noopener\">\u00c9ducation familiale<\/a><\/p>\n\n\n\n<p><a href=\"https:\/\/mediasmarts.ca\/parents\" target=\"_blank\" rel=\"noreferrer noopener\">Intelligence des m\u00e9dias<\/a><\/p>\n\n\n\n<p><a href=\"http:\/\/www.canadiensatschool.com\/\" target=\"_blank\" rel=\"noreferrer noopener\">Canadiens de Montr\u00e9al @ school<\/a><\/p>\n\n\n\n<p><a href=\"https:\/\/www.mathfactcafe.com\/\" target=\"_blank\" rel=\"noreferrer noopener\">Math Fact Caf\u00e9<\/a><\/p>\n\n\n\n<p><a href=\"https:\/\/www.edhelper.com\/\" target=\"_blank\" rel=\"noreferrer noopener\">Edhelper<\/a><\/p>\n\n\n\n<p><a href=\"https:\/\/www.technokids.com\/\" target=\"_blank\" rel=\"noreferrer noopener\">CyberWise \/ CyberAverti<\/a><\/p>\n","protected":false},"excerpt":{"rendered":"<p>Qu\u00e9bec \u00c9ducation Apprendre BeWebAware Guide Litteracy Guide pour les parents et les \u00e9ducateurs TechnoKids \u00c9ducation familiale Intelligence des m\u00e9dias Canadiens de Montr\u00e9al @ school Math Fact Caf\u00e9 Edhelper CyberWise \/ CyberAverti<\/p>\n","protected":false},"author":1,"featured_media":0,"parent":948,"menu_order":0,"comment_status":"closed","ping_status":"closed","template":"","meta":{"_acf_changed":false,"_relevanssi_hide_post":"","_relevanssi_hide_content":"","_relevanssi_pin_for_all":"","_relevanssi_pin_keywords":"","_relevanssi_unpin_keywords":"","_relevanssi_related_keywords":"","_relevanssi_related_include_ids":"","_relevanssi_related_exclude_ids":"","_relevanssi_related_no_append":"","_relevanssi_related_not_related":"","_relevanssi_related_posts":"","_relevanssi_noindex_reason":"","footnotes":""},"acf":[],"_links":{"self":[{"href":"https:\/\/jverne.swlauriersb.vortexdev.com\/fr\/wp-json\/wp\/v2\/pages\/946"}],"collection":[{"href":"https:\/\/jverne.swlauriersb.vortexdev.com\/fr\/wp-json\/wp\/v2\/pages"}],"about":[{"href":"https:\/\/jverne.swlauriersb.vortexdev.com\/fr\/wp-json\/wp\/v2\/types\/page"}],"author":[{"embeddable":true,"href":"https:\/\/jverne.swlauriersb.vortexdev.com\/fr\/wp-json\/wp\/v2\/users\/1"}],"replies":[{"embeddable":true,"href":"https:\/\/jverne.swlauriersb.vortexdev.com\/fr\/wp-json\/wp\/v2\/comments?post=946"}],"version-history":[{"count":2,"href":"https:\/\/jverne.swlauriersb.vortexdev.com\/fr\/wp-json\/wp\/v2\/pages\/946\/revisions"}],"predecessor-version":[{"id":1059,"href":"https:\/\/jverne.swlauriersb.vortexdev.com\/fr\/wp-json\/wp\/v2\/pages\/946\/revisions\/1059"}],"up":[{"embeddable":true,"href":"https:\/\/jverne.swlauriersb.vortexdev.com\/fr\/wp-json\/wp\/v2\/pages\/948"}],"wp:attachment":[{"href":"https:\/\/jverne.swlauriersb.vortexdev.com\/fr\/wp-json\/wp\/v2\/media?parent=946"}],"curies":[{"name":"wp","href":"https:\/\/api.w.org\/{rel}","templated":true}]}}